{"id":18,"date":"2024-09-02T12:52:27","date_gmt":"2024-09-02T10:52:27","guid":{"rendered":"http:\/\/parteno.cluster027.hosting.ovh.net\/?page_id=18"},"modified":"2024-09-30T14:54:08","modified_gmt":"2024-09-30T12:54:08","slug":"partenariat-resodil","status":"publish","type":"page","link":"https:\/\/www.partenaire-lerepasseur.fr\/","title":{"rendered":"Partenariat RESODIL"},"content":{"rendered":"\n<p class=\"has-text-align-center\"><strong>Limit\u00e9 au 50 premi\u00e8res inscriptions<\/strong><\/p>\n\n\n\n<figure class=\"wp-block-image size-large\"><img loading=\"lazy\" decoding=\"async\" width=\"1024\" height=\"806\" src=\"https:\/\/parteno.cluster027.hosting.ovh.net\/wp-content\/uploads\/2024\/09\/Entete-1-1024x806.jpg\" alt=\"Le repasseur\" class=\"wp-image-37\" srcset=\"https:\/\/www.partenaire-lerepasseur.fr\/wp-content\/uploads\/2024\/09\/Entete-1-1024x806.jpg 1024w, https:\/\/www.partenaire-lerepasseur.fr\/wp-content\/uploads\/2024\/09\/Entete-1-300x236.jpg 300w, https:\/\/www.partenaire-lerepasseur.fr\/wp-content\/uploads\/2024\/09\/Entete-1-768x604.jpg 768w, https:\/\/www.partenaire-lerepasseur.fr\/wp-content\/uploads\/2024\/09\/Entete-1.jpg 1181w\" sizes=\"auto, (max-width: 1024px) 100vw, 1024px\" \/><\/figure>\n\n\n\n<p><strong>Le Repasseur vient chercher votre linge (propre) chez vous, ou dans votre bureau RESODIL, le repasse et vous le restitue 24h apr\u00e8s !<\/strong><\/p>\n\n\n\n<figure class=\"wp-block-image size-large\"><img loading=\"lazy\" decoding=\"async\" width=\"1015\" height=\"1024\" src=\"https:\/\/www.partenaire-lerepasseur.fr\/wp-content\/uploads\/2024\/09\/tarif400-1-1015x1024.jpg\" alt=\"\" class=\"wp-image-68\" srcset=\"https:\/\/www.partenaire-lerepasseur.fr\/wp-content\/uploads\/2024\/09\/tarif400-1-1015x1024.jpg 1015w, https:\/\/www.partenaire-lerepasseur.fr\/wp-content\/uploads\/2024\/09\/tarif400-1-297x300.jpg 297w, https:\/\/www.partenaire-lerepasseur.fr\/wp-content\/uploads\/2024\/09\/tarif400-1-150x150.jpg 150w, https:\/\/www.partenaire-lerepasseur.fr\/wp-content\/uploads\/2024\/09\/tarif400-1-768x775.jpg 768w, https:\/\/www.partenaire-lerepasseur.fr\/wp-content\/uploads\/2024\/09\/tarif400-1.jpg 1181w\" sizes=\"auto, (max-width: 1015px) 100vw, 1015px\" \/><\/figure>\n\n\n\n<h2 class=\"wp-block-heading\">Directement sur l&rsquo;application !<\/h2>\n\n\n\n<ul class=\"wp-block-list\">\n<li>1- T\u00e9l\u00e9chargez l\u2019appli <strong>Le Repasseur<\/strong> (ci dessous)<\/li>\n\n\n\n<li>2 &#8211; Cr\u00e9ez votre compte<\/li>\n\n\n\n<li>3 &#8211; Allez dans choisir un abonnement<\/li>\n\n\n\n<li>4 \u2013 Entrez le code \u00ab&nbsp;<strong>resodil0645<\/strong>&nbsp;\u00bb<\/li>\n\n\n\n<li>5- Vous pouvez imm\u00e9diatement programmer votre 1<sup>ere <\/sup>collecte&nbsp;!<\/li>\n<\/ul>\n\n\n<div class=\"wp-block-image\">\n<figure class=\"aligncenter size-large is-resized\"><a href=\"https:\/\/apps.apple.com\/us\/app\/le-repasseur\/id6670428906\"><img loading=\"lazy\" decoding=\"async\" width=\"1024\" height=\"341\" src=\"https:\/\/parteno.cluster027.hosting.ovh.net\/wp-content\/uploads\/2024\/09\/AppStorey-3-1024x341.png\" alt=\"Lien app store\" class=\"wp-image-40\" style=\"width:163px;height:auto\" srcset=\"https:\/\/www.partenaire-lerepasseur.fr\/wp-content\/uploads\/2024\/09\/AppStorey-3-1024x341.png 1024w, https:\/\/www.partenaire-lerepasseur.fr\/wp-content\/uploads\/2024\/09\/AppStorey-3-300x100.png 300w, https:\/\/www.partenaire-lerepasseur.fr\/wp-content\/uploads\/2024\/09\/AppStorey-3-768x256.png 768w, https:\/\/www.partenaire-lerepasseur.fr\/wp-content\/uploads\/2024\/09\/AppStorey-3.png 1200w\" sizes=\"auto, (max-width: 1024px) 100vw, 1024px\" \/><\/a><\/figure>\n<\/div>\n\n<div class=\"wp-block-image\">\n<figure class=\"aligncenter size-large is-resized\"><a href=\"https:\/\/play.google.com\/store\/apps\/details?id=com.repasseur.repasseur\"><img loading=\"lazy\" decoding=\"async\" width=\"1024\" height=\"341\" src=\"https:\/\/parteno.cluster027.hosting.ovh.net\/wp-content\/uploads\/2024\/09\/googlePlay-1-1024x341.png\" alt=\"lien google play\" class=\"wp-image-41\" style=\"width:164px;height:auto\" srcset=\"https:\/\/www.partenaire-lerepasseur.fr\/wp-content\/uploads\/2024\/09\/googlePlay-1-1024x341.png 1024w, https:\/\/www.partenaire-lerepasseur.fr\/wp-content\/uploads\/2024\/09\/googlePlay-1-300x100.png 300w, https:\/\/www.partenaire-lerepasseur.fr\/wp-content\/uploads\/2024\/09\/googlePlay-1-768x256.png 768w, https:\/\/www.partenaire-lerepasseur.fr\/wp-content\/uploads\/2024\/09\/googlePlay-1.png 1200w\" sizes=\"auto, (max-width: 1024px) 100vw, 1024px\" \/><\/a><\/figure>\n<\/div>\n\n\n<p><strong>Partenariat limit\u00e9 au 50 premi\u00e8res inscriptions<\/strong><br>Pour 400\u20ac, (g\u00e9r\u00e9 directement par RESODIL), vous b\u00e9n\u00e9ficiez de 50kg de linge \u00e0 repasser (Environ 100 v\u00eatements).<br>Demandez une collecte chez vous ou dans votre bureau RESODIL quand vous le souhaitez, chaque collecte (de 2.5kg minimum) sera d\u00e9duite de votre solde total de cr\u00e9dits.<\/p>\n\n\n\n<p>Comment faire ?<br>Une fois votre compte cr\u00e9\u00e9 et le code <strong>resodil0645 <\/strong>renseign\u00e9, vous b\u00e9n\u00e9ficiez imm\u00e9diatement de 50kg de linge \u00e0 repasser, autant de collectes que vous le souhaitez.<\/p>\n\n\n\n<ul class=\"wp-block-list\">\n<li>Sur l&rsquo;application, s\u00e9lectionnez \u00ab\u00a0Nouvelle collecte\u00a0\u00bb<\/li>\n\n\n\n<li>Choisissez le jour et l&rsquo;heure (cr\u00e9neau de 30min) \u00e0 laquelle vous souhaitez que Le Repasseur vienne r\u00e9cup\u00e9rer le linge chez vous.<\/li>\n\n\n\n<li>Choisissez le jour et l&rsquo;heure de retour<\/li>\n\n\n\n<li>Indiquez le poids de votre pani\u00e8re<\/li>\n\n\n\n<li>C&rsquo;est fini ! On s&rsquo;occupe de tout ! Vous serez pr\u00e9venu(e) lorsque Le Repasseur sera en route pour collecter votre linge.<\/li>\n<\/ul>\n\n\n<div class=\"wp-block-image\">\n<figure class=\"aligncenter size-large is-resized\"><img loading=\"lazy\" decoding=\"async\" width=\"1024\" height=\"341\" src=\"https:\/\/parteno.cluster027.hosting.ovh.net\/wp-content\/uploads\/2024\/09\/AppStorey-3-1024x341.png\" alt=\"\" class=\"wp-image-40\" style=\"width:163px;height:auto\" srcset=\"https:\/\/www.partenaire-lerepasseur.fr\/wp-content\/uploads\/2024\/09\/AppStorey-3-1024x341.png 1024w, https:\/\/www.partenaire-lerepasseur.fr\/wp-content\/uploads\/2024\/09\/AppStorey-3-300x100.png 300w, https:\/\/www.partenaire-lerepasseur.fr\/wp-content\/uploads\/2024\/09\/AppStorey-3-768x256.png 768w, https:\/\/www.partenaire-lerepasseur.fr\/wp-content\/uploads\/2024\/09\/AppStorey-3.png 1200w\" sizes=\"auto, (max-width: 1024px) 100vw, 1024px\" \/><\/figure>\n<\/div>\n\n<div class=\"wp-block-image\">\n<figure class=\"aligncenter size-large is-resized\"><a href=\"https:\/\/play.google.com\/store\/apps\/details?id=com.repasseur.repasseur\"><img loading=\"lazy\" decoding=\"async\" width=\"1024\" height=\"341\" src=\"https:\/\/parteno.cluster027.hosting.ovh.net\/wp-content\/uploads\/2024\/09\/googlePlay-1-1024x341.png\" alt=\"\" class=\"wp-image-41\" style=\"width:164px;height:auto\" srcset=\"https:\/\/www.partenaire-lerepasseur.fr\/wp-content\/uploads\/2024\/09\/googlePlay-1-1024x341.png 1024w, https:\/\/www.partenaire-lerepasseur.fr\/wp-content\/uploads\/2024\/09\/googlePlay-1-300x100.png 300w, https:\/\/www.partenaire-lerepasseur.fr\/wp-content\/uploads\/2024\/09\/googlePlay-1-768x256.png 768w, https:\/\/www.partenaire-lerepasseur.fr\/wp-content\/uploads\/2024\/09\/googlePlay-1.png 1200w\" sizes=\"auto, (max-width: 1024px) 100vw, 1024px\" \/><\/a><\/figure>\n<\/div>\n\n\n<p><\/p>\n","protected":false},"excerpt":{"rendered":"<p>Limit\u00e9 au 50 premi\u00e8res inscriptions Le Repasseur vient chercher votre linge (propre) chez vous, ou dans votre bureau RESODIL, le repasse et vous le restitue 24h apr\u00e8s ! Directement sur l&rsquo;application ! Partenariat limit\u00e9 au 50 premi\u00e8res inscriptionsPour 400\u20ac, (g\u00e9r\u00e9 directement par RESODIL), vous b\u00e9n\u00e9ficiez de 50kg de linge \u00e0 repasser (Environ 100 v\u00eatements).Demandez une [&hellip;]<\/p>\n","protected":false},"author":1,"featured_media":0,"parent":0,"menu_order":0,"comment_status":"closed","ping_status":"closed","template":"","meta":{"footnotes":""},"class_list":["post-18","page","type-page","status-publish","hentry"],"_links":{"self":[{"href":"https:\/\/www.partenaire-lerepasseur.fr\/index.php\/wp-json\/wp\/v2\/pages\/18","targetHints":{"allow":["GET"]}}],"collection":[{"href":"https:\/\/www.partenaire-lerepasseur.fr\/index.php\/wp-json\/wp\/v2\/pages"}],"about":[{"href":"https:\/\/www.partenaire-lerepasseur.fr\/index.php\/wp-json\/wp\/v2\/types\/page"}],"author":[{"embeddable":true,"href":"https:\/\/www.partenaire-lerepasseur.fr\/index.php\/wp-json\/wp\/v2\/users\/1"}],"replies":[{"embeddable":true,"href":"https:\/\/www.partenaire-lerepasseur.fr\/index.php\/wp-json\/wp\/v2\/comments?post=18"}],"version-history":[{"count":20,"href":"https:\/\/www.partenaire-lerepasseur.fr\/index.php\/wp-json\/wp\/v2\/pages\/18\/revisions"}],"predecessor-version":[{"id":69,"href":"https:\/\/www.partenaire-lerepasseur.fr\/index.php\/wp-json\/wp\/v2\/pages\/18\/revisions\/69"}],"wp:attachment":[{"href":"https:\/\/www.partenaire-lerepasseur.fr\/index.php\/wp-json\/wp\/v2\/media?parent=18"}],"curies":[{"name":"wp","href":"https:\/\/api.w.org\/{rel}","templated":true}]}}